{"id":781,"date":"2022-01-24T10:42:49","date_gmt":"2022-01-24T13:42:49","guid":{"rendered":"https:\/\/ondaorofacial.com.br\/site\/?page_id=781"},"modified":"2022-01-28T00:34:58","modified_gmt":"2022-01-28T03:34:58","slug":"check-up-preventivo-digital","status":"publish","type":"page","link":"https:\/\/ondaorofacial.com.br\/site\/check-up-preventivo-digital\/","title":{"rendered":"CheckUp Preventivo Digital"},"content":{"rendered":"[vc_row type=&#8221;full_width_content&#8221; full_screen_row_position=&#8221;middle&#8221; column_margin=&#8221;none&#8221; column_direction=&#8221;default&#8221; column_direction_tablet=&#8221;default&#8221; column_direction_phone=&#8221;default&#8221; scene_position=&#8221;center&#8221; constrain_group_3=&#8221;yes&#8221; constrain_group_5=&#8221;yes&#8221; text_color=&#8221;custom&#8221; text_align=&#8221;left&#8221; row_border_radius=&#8221;none&#8221; row_border_radius_applies=&#8221;bg&#8221; overlay_strength=&#8221;0.3&#8243; gradient_direction=&#8221;radial&#8221; shape_divider_color=&#8221;#72c5cb&#8221; shape_divider_position=&#8221;bottom&#8221; shape_divider_height=&#8221;25%&#8221; shape_divider_bring_to_front=&#8221;true&#8221; bg_image_animation=&#8221;zoom-out&#8221; parallax_bg=&#8221;true&#8221; parallax_bg_speed=&#8221;fast&#8221; shape_type=&#8221;waves_opacity&#8221;][vc_column column_padding=&#8221;no-extra-padding&#8221; column_padding_tablet=&#8221;no-extra-padding&#8221; column_padding_phone=&#8221;no-extra-padding&#8221; column_padding_position=&#8221;all&#8221; column_element_spacing=&#8221;0px&#8221; background_color_opacity=&#8221;1&#8243; background_hover_color_opacity=&#8221;1&#8243; column_shadow=&#8221;none&#8221; column_border_radius=&#8221;none&#8221; column_link_target=&#8221;_self&#8221; gradient_direction=&#8221;radial&#8221; overlay_strength=&#8221;0.3&#8243; width=&#8221;1\/1&#8243; tablet_width_inherit=&#8221;default&#8221; tablet_text_alignment=&#8221;default&#8221; phone_text_alignment=&#8221;default&#8221; bg_image_animation=&#8221;zoom-out-reveal&#8221; parallax_bg=&#8221;true&#8221; parallax_bg_speed=&#8221;fast&#8221; border_type=&#8221;simple&#8221; column_border_width=&#8221;none&#8221; column_border_style=&#8221;solid&#8221; offset=&#8221;vc_col-lg-12 vc_hidden-lg vc_col-md-12 vc_col-xs-12&#8243;][image_with_animation image_url=&#8221;746&#8243; animation=&#8221;Fade In&#8221; hover_animation=&#8221;none&#8221; alignment=&#8221;&#8221; border_radius=&#8221;none&#8221; box_shadow=&#8221;none&#8221; image_loading=&#8221;default&#8221; max_width=&#8221;100%&#8221; max_width_mobile=&#8221;default&#8221;][\/vc_column][\/vc_row][vc_row type=&#8221;full_width_content&#8221; full_screen_row_position=&#8221;middle&#8221; column_margin=&#8221;none&#8221; column_direction=&#8221;default&#8221; column_direction_tablet=&#8221;default&#8221; column_direction_phone=&#8221;default&#8221; scene_position=&#8221;center&#8221; constrain_group_3=&#8221;yes&#8221; constrain_group_5=&#8221;yes&#8221; text_color=&#8221;custom&#8221; text_align=&#8221;left&#8221; row_border_radius=&#8221;none&#8221; row_border_radius_applies=&#8221;bg&#8221; overlay_strength=&#8221;0.3&#8243; gradient_direction=&#8221;radial&#8221; shape_divider_color=&#8221;#72c5cb&#8221; shape_divider_position=&#8221;bottom&#8221; shape_divider_height=&#8221;25%&#8221; shape_divider_bring_to_front=&#8221;true&#8221; bg_image_animation=&#8221;zoom-out&#8221; parallax_bg=&#8221;true&#8221; parallax_bg_speed=&#8221;fast&#8221; shape_type=&#8221;waves_opacity&#8221;][vc_column column_padding=&#8221;no-extra-padding&#8221; column_padding_tablet=&#8221;inherit&#8221; column_padding_phone=&#8221;inherit&#8221; column_padding_position=&#8221;all&#8221; column_element_spacing=&#8221;0px&#8221; background_color_opacity=&#8221;1&#8243; background_hover_color_opacity=&#8221;1&#8243; column_shadow=&#8221;none&#8221; column_border_radius=&#8221;none&#8221; column_link_target=&#8221;_self&#8221; gradient_direction=&#8221;radial&#8221; overlay_strength=&#8221;0.3&#8243; width=&#8221;1\/1&#8243; tablet_width_inherit=&#8221;default&#8221; tablet_text_alignment=&#8221;default&#8221; phone_text_alignment=&#8221;default&#8221; bg_image_animation=&#8221;zoom-out-reveal&#8221; parallax_bg=&#8221;true&#8221; parallax_bg_speed=&#8221;fast&#8221; border_type=&#8221;simple&#8221; column_border_width=&#8221;none&#8221; column_border_style=&#8221;solid&#8221; offset=&#8221;vc_col-lg-12 vc_col-md-12 vc_hidden-md vc_hidden-sm vc_col-xs-12 vc_hidden-xs&#8221;][image_with_animation image_url=&#8221;745&#8243; animation=&#8221;Fade In&#8221; hover_animation=&#8221;none&#8221; alignment=&#8221;&#8221; border_radius=&#8221;none&#8221; box_shadow=&#8221;none&#8221; image_loading=&#8221;default&#8221; max_width=&#8221;100%&#8221; max_width_mobile=&#8221;default&#8221;][\/vc_column][\/vc_row][vc_row type=&#8221;in_container&#8221; full_screen_row_position=&#8221;middle&#8221; column_margin=&#8221;default&#8221; equal_height=&#8221;yes&#8221; content_placement=&#8221;middle&#8221; column_direction=&#8221;default&#8221; column_direction_tablet=&#8221;default&#8221; column_direction_phone=&#8221;default&#8221; scene_position=&#8221;center&#8221; text_color=&#8221;dark&#8221; text_align=&#8221;left&#8221; row_border_radius=&#8221;none&#8221; row_border_radius_applies=&#8221;bg&#8221; overlay_strength=&#8221;0.3&#8243; gradient_direction=&#8221;left_to_right&#8221; shape_divider_position=&#8221;bottom&#8221; bg_image_animation=&#8221;none&#8221; shape_type=&#8221;&#8221;][vc_column column_padding=&#8221;padding-12-percent&#8221; column_padding_tablet=&#8221;inherit&#8221; column_padding_phone=&#8221;inherit&#8221; column_padding_position=&#8221;all&#8221; column_element_spacing=&#8221;default&#8221; background_color=&#8221;#f0f5f9&#8243; background_color_opacity=&#8221;1&#8243; background_hover_color_opacity=&#8221;1&#8243; column_shadow=&#8221;none&#8221; column_border_radius=&#8221;none&#8221; column_link_target=&#8221;_self&#8221; gradient_direction=&#8221;left_t_to_right_b&#8221; overlay_strength=&#8221;1&#8243; width=&#8221;7\/12&#8243; tablet_width_inherit=&#8221;default&#8221; tablet_text_alignment=&#8221;default&#8221; phone_text_alignment=&#8221;default&#8221; bg_image_animation=&#8221;none&#8221; border_type=&#8221;simple&#8221; column_border_width=&#8221;none&#8221; column_border_style=&#8221;solid&#8221; translate_y=&#8221;20px&#8221; translate_x=&#8221;10%&#8221; translate_y_tablet=&#8221;30px&#8221; translate_x_tablet=&#8221;0px&#8221; translate_x_phone=&#8221;nonw&#8221;][vc_row_inner column_margin=&#8221;default&#8221; column_direction=&#8221;default&#8221; column_direction_tablet=&#8221;default&#8221; column_direction_phone=&#8221;default&#8221; translate_x=&#8221;-15%&#8221; translate_x_tablet=&#8221;0%&#8221; translate_x_phone=&#8221;0%&#8221; text_align=&#8221;left&#8221;][vc_column_inner column_padding=&#8221;no-extra-padding&#8221; column_padding_tablet=&#8221;inherit&#8221; column_padding_phone=&#8221;inherit&#8221; column_padding_position=&#8221;all&#8221; column_element_spacing=&#8221;default&#8221; background_color_opacity=&#8221;1&#8243; background_hover_color_opacity=&#8221;1&#8243; column_shadow=&#8221;none&#8221; column_border_radius=&#8221;none&#8221; column_link_target=&#8221;_self&#8221; gradient_direction=&#8221;left_to_right&#8221; overlay_strength=&#8221;0.3&#8243; width=&#8221;1\/1&#8243; tablet_width_inherit=&#8221;default&#8221; bg_image_animation=&#8221;none&#8221; border_type=&#8221;simple&#8221; column_border_width=&#8221;none&#8221; column_border_style=&#8221;solid&#8221;][vc_column_text css_animation=&#8221;none&#8221; css=&#8221;.vc_custom_1639667164057{margin-bottom: 40px !important;}&#8221; max_width=&#8221;550&#8243;]\n<h2>CheckUp Preventivo Digital<\/h2>\n[\/vc_column_text][vc_column_text css_animation=&#8221;none&#8221; css=&#8221;.vc_custom_1639667697968{margin-bottom: 40px !important;}&#8221; max_width=&#8221;550&#8243;]A cada dia que passa, inven\u00e7\u00f5es tecnol\u00f3gicas tornam a nossa vida mais f\u00e1cil. No \u00e2mbito da sa\u00fade bucal n\u00e3o \u00e9 diferente. Atualmente, o CheckUp Digital Preventivo tem sido uma evolu\u00e7\u00e3o no diagn\u00f3stico das doen\u00e7as bucais. A busca pela preven\u00e7\u00e3o est\u00e1 motivando o paciente a ir ao dentista com uma maior regularidade.\u00a0 \u201cAntigamente n\u00f3s s\u00f3 \u00e9ramos procurados quando a doen\u00e7a bucal j\u00e1 estava estabelecida, o que tornava o tratamento mais caro e doloroso\u201d, comenta Dra. Elane Pimenta*, cirurgi\u00e3 dentista.\u00a0 \u201cO cen\u00e1rio mudou. A odontologia moderna consegue realizar interven\u00e7\u00f5es no in\u00edcio do problema, realizando procedimentos minimamente invasivos\u201d,\u00a0 acrescenta.[\/vc_column_text][\/vc_column_inner][\/vc_row_inner][\/vc_column][vc_column column_padding=&#8221;no-extra-padding&#8221; column_padding_tablet=&#8221;inherit&#8221; column_padding_phone=&#8221;inherit&#8221; column_padding_position=&#8221;all&#8221; column_element_spacing=&#8221;default&#8221; background_color_opacity=&#8221;1&#8243; background_hover_color_opacity=&#8221;1&#8243; column_shadow=&#8221;none&#8221; column_border_radius=&#8221;none&#8221; column_link_target=&#8221;_self&#8221; zindex=&#8221;100&#8243; gradient_direction=&#8221;left_to_right&#8221; overlay_strength=&#8221;0.3&#8243; width=&#8221;5\/12&#8243; tablet_width_inherit=&#8221;default&#8221; tablet_text_alignment=&#8221;default&#8221; phone_text_alignment=&#8221;default&#8221; bg_image_animation=&#8221;none&#8221; border_type=&#8221;simple&#8221; column_border_width=&#8221;none&#8221; column_border_style=&#8221;solid&#8221;][vc_row_inner column_margin=&#8221;default&#8221; column_direction=&#8221;default&#8221; column_direction_tablet=&#8221;default&#8221; column_direction_phone=&#8221;default&#8221; text_align=&#8221;left&#8221;][vc_column_inner column_padding=&#8221;no-extra-padding&#8221; column_padding_tablet=&#8221;inherit&#8221; column_padding_phone=&#8221;inherit&#8221; column_padding_position=&#8221;all&#8221; column_element_spacing=&#8221;default&#8221; background_color_opacity=&#8221;1&#8243; background_hover_color_opacity=&#8221;1&#8243; column_shadow=&#8221;none&#8221; column_border_radius=&#8221;none&#8221; column_link_target=&#8221;_self&#8221; gradient_direction=&#8221;left_to_right&#8221; overlay_strength=&#8221;0.3&#8243; width=&#8221;1\/1&#8243; tablet_width_inherit=&#8221;default&#8221; bg_image_animation=&#8221;none&#8221; border_type=&#8221;simple&#8221; column_border_width=&#8221;none&#8221; column_border_style=&#8221;solid&#8221;][image_with_animation image_url=&#8221;552&#8243; animation=&#8221;ro-reveal-from-right&#8221; hover_animation=&#8221;none&#8221; alignment=&#8221;right&#8221; border_radius=&#8221;none&#8221; image_loading=&#8221;default&#8221; max_width=&#8221;125%&#8221; max_width_mobile=&#8221;default&#8221; margin_top=&#8221;25%&#8221; margin_bottom=&#8221;25%&#8221; margin_top_tablet=&#8221;0px&#8221; margin_bottom_tablet=&#8221;0px&#8221; margin_top_phone=&#8221;0px&#8221; margin_bottom_phone=&#8221;0px&#8221;][\/vc_column_inner][\/vc_row_inner][\/vc_column][\/vc_row][vc_row type=&#8221;full_width_background&#8221; full_screen_row_position=&#8221;middle&#8221; column_margin=&#8221;default&#8221; column_direction=&#8221;default&#8221; column_direction_tablet=&#8221;default&#8221; column_direction_phone=&#8221;default&#8221; bg_color=&#8221;#ffffff&#8221; scene_position=&#8221;center&#8221; bottom_padding=&#8221;10%&#8221; text_color=&#8221;dark&#8221; text_align=&#8221;left&#8221; row_border_radius=&#8221;none&#8221; row_border_radius_applies=&#8221;bg&#8221; overlay_strength=&#8221;1&#8243; gradient_direction=&#8221;left_to_right&#8221; shape_divider_position=&#8221;bottom&#8221; bg_image_animation=&#8221;none&#8221; shape_type=&#8221;&#8221;][vc_column column_padding=&#8221;no-extra-padding&#8221; column_padding_tablet=&#8221;inherit&#8221; column_padding_phone=&#8221;inherit&#8221; column_padding_position=&#8221;all&#8221; column_element_spacing=&#8221;default&#8221; background_color_opacity=&#8221;1&#8243; background_hover_color_opacity=&#8221;1&#8243; column_shadow=&#8221;none&#8221; column_border_radius=&#8221;none&#8221; column_link_target=&#8221;_self&#8221; gradient_direction=&#8221;left_to_right&#8221; overlay_strength=&#8221;0.3&#8243; width=&#8221;1\/1&#8243; tablet_width_inherit=&#8221;default&#8221; tablet_text_alignment=&#8221;default&#8221; phone_text_alignment=&#8221;default&#8221; bg_image_animation=&#8221;none&#8221; border_type=&#8221;simple&#8221; column_border_width=&#8221;none&#8221; column_border_style=&#8221;solid&#8221;][vc_row_inner column_margin=&#8221;default&#8221; column_direction=&#8221;default&#8221; column_direction_tablet=&#8221;default&#8221; column_direction_phone=&#8221;default&#8221; text_align=&#8221;left&#8221;][vc_column_inner column_padding=&#8221;padding-3-percent&#8221; column_padding_tablet=&#8221;inherit&#8221; column_padding_phone=&#8221;inherit&#8221; column_padding_position=&#8221;top-bottom&#8221; column_element_spacing=&#8221;default&#8221; background_color_opacity=&#8221;1&#8243; background_hover_color_opacity=&#8221;1&#8243; column_shadow=&#8221;none&#8221; column_border_radius=&#8221;none&#8221; column_link_target=&#8221;_self&#8221; gradient_direction=&#8221;left_to_right&#8221; overlay_strength=&#8221;0.3&#8243; width=&#8221;1\/2&#8243; tablet_width_inherit=&#8221;default&#8221; bg_image_animation=&#8221;none&#8221; enable_animation=&#8221;true&#8221; animation=&#8221;fade-in-from-bottom&#8221; border_type=&#8221;simple&#8221; column_border_width=&#8221;none&#8221; column_border_style=&#8221;solid&#8221;][vc_column_text css=&#8221;.vc_custom_1639667705901{padding-right: 10% !important;}&#8221;]O CheckUp Digital Preventivo \u00e9 um exame realizado por uma c\u00e2mera intra-oral de alta defini\u00e7\u00e3o capaz de aumentar em at\u00e9 60 vezes o tamanho do dente. \u201c\u00c9 um protocolo simples, realizado por apenas um aparelho\u201d,\u00a0 explica Dra. Elane. \u201cEstando as imagens ampliadas, conseguimos avaliar com precis\u00e3o a condi\u00e7\u00e3o bucal do paciente, avaliando de forma minuciosa o dente. Podemos verificar o in\u00edcio de uma infiltra\u00e7\u00e3o ou detectar uma c\u00e1rie que ainda n\u00e3o pode ser vista a olho nu\u201d, exemplifica.[\/vc_column_text][\/vc_column_inner][vc_column_inner column_padding=&#8221;padding-3-percent&#8221; column_padding_tablet=&#8221;inherit&#8221; column_padding_phone=&#8221;inherit&#8221; column_padding_position=&#8221;top-bottom&#8221; column_element_spacing=&#8221;default&#8221; background_color_opacity=&#8221;1&#8243; background_hover_color_opacity=&#8221;1&#8243; column_shadow=&#8221;none&#8221; column_border_radius=&#8221;none&#8221; column_link_target=&#8221;_self&#8221; gradient_direction=&#8221;left_to_right&#8221; overlay_strength=&#8221;0.3&#8243; width=&#8221;1\/2&#8243; tablet_width_inherit=&#8221;default&#8221; bg_image_animation=&#8221;none&#8221; enable_animation=&#8221;true&#8221; animation=&#8221;fade-in-from-bottom&#8221; border_type=&#8221;simple&#8221; column_border_width=&#8221;none&#8221; column_border_style=&#8221;solid&#8221; delay=&#8221;100&#8243;][vc_column_text css=&#8221;.vc_custom_1639667715709{padding-right: 10% !important;}&#8221;]O procedimento pode ser acompanhado pelo paciente, que consegue ver todas as fotos durante a realiza\u00e7\u00e3o do exame em uma tela, permitindo que ele compreenda o que acontece em sua boca e esclare\u00e7a as suas d\u00favidas. As imagens captadas ficam armazenadas nos arquivos digitais do paciente para que o profissional possa acompanhar a evolu\u00e7\u00e3o do tratamento. E o resultado sai na hora. Vale salientar que exames cl\u00ednicos e radiol\u00f3gicos tamb\u00e9m s\u00e3o feitos durante o CheckUp Digital e n\u00e3o h\u00e1 contraindica\u00e7\u00e3o para realiza\u00e7\u00e3o.[\/vc_column_text][\/vc_column_inner][\/vc_row_inner][\/vc_column][\/vc_row]\n","protected":false},"excerpt":{"rendered":"<p>[vc_row type=&#8221;full_width_content&#8221; full_screen_row_position=&#8221;middle&#8221; column_margin=&#8221;none&#8221; column_direction=&#8221;default&#8221; column_direction_tablet=&#8221;default&#8221; column_direction_phone=&#8221;default&#8221; scene_position=&#8221;center&#8221; constrain_group_3=&#8221;yes&#8221; constrain_group_5=&#8221;yes&#8221; text_color=&#8221;custom&#8221; text_align=&#8221;left&#8221; row_border_radius=&#8221;none&#8221; row_border_radius_applies=&#8221;bg&#8221; overlay_strength=&#8221;0.3&#8243; gradient_direction=&#8221;radial&#8221; shape_divider_color=&#8221;#72c5cb&#8221; shape_divider_position=&#8221;bottom&#8221; shape_divider_height=&#8221;25%&#8221; shape_divider_bring_to_front=&#8221;true&#8221; bg_image_animation=&#8221;zoom-out&#8221; parallax_bg=&#8221;true&#8221; parallax_bg_speed=&#8221;fast&#8221; shape_type=&#8221;waves_opacity&#8221;][vc_column column_padding=&#8221;no-extra-padding&#8221; column_padding_tablet=&#8221;no-extra-padding&#8221; column_padding_phone=&#8221;no-extra-padding&#8221; column_padding_position=&#8221;all&#8221; column_element_spacing=&#8221;0px&#8221; background_color_opacity=&#8221;1&#8243;&#8230;<\/p>\n","protected":false},"author":2,"featured_media":0,"parent":0,"menu_order":0,"comment_status":"closed","ping_status":"closed","template":"","meta":{"footnotes":""},"class_list":["post-781","page","type-page","status-publish"],"yoast_head":"<!-- This site is optimized with the Yoast SEO plugin v21.5 - https:\/\/yoast.com\/wordpress\/plugins\/seo\/ -->\n<title>CheckUp Preventivo Digital - Onda Orofacial<\/title>\n<meta name=\"robots\" content=\"index, follow, max-snippet:-1, max-image-preview:large, max-video-preview:-1\" \/>\n<link rel=\"canonical\" href=\"https:\/\/ondaorofacial.com.br\/site\/check-up-preventivo-digital\/\" \/>\n<meta property=\"og:locale\" content=\"pt_BR\" \/>\n<meta property=\"og:type\" content=\"article\" \/>\n<meta property=\"og:title\" content=\"CheckUp Preventivo Digital - Onda Orofacial\" \/>\n<meta property=\"og:description\" content=\"[vc_row type=&#8221;full_width_content&#8221; full_screen_row_position=&#8221;middle&#8221; column_margin=&#8221;none&#8221; column_direction=&#8221;default&#8221; column_direction_tablet=&#8221;default&#8221; column_direction_phone=&#8221;default&#8221; scene_position=&#8221;center&#8221; constrain_group_3=&#8221;yes&#8221; constrain_group_5=&#8221;yes&#8221; text_color=&#8221;custom&#8221; text_align=&#8221;left&#8221; row_border_radius=&#8221;none&#8221; row_border_radius_applies=&#8221;bg&#8221; overlay_strength=&#8221;0.3&#8243; gradient_direction=&#8221;radial&#8221; shape_divider_color=&#8221;#72c5cb&#8221; shape_divider_position=&#8221;bottom&#8221; shape_divider_height=&#8221;25%&#8221; shape_divider_bring_to_front=&#8221;true&#8221; bg_image_animation=&#8221;zoom-out&#8221; parallax_bg=&#8221;true&#8221; parallax_bg_speed=&#8221;fast&#8221; shape_type=&#8221;waves_opacity&#8221;][vc_column column_padding=&#8221;no-extra-padding&#8221; column_padding_tablet=&#8221;no-extra-padding&#8221; column_padding_phone=&#8221;no-extra-padding&#8221; column_padding_position=&#8221;all&#8221; column_element_spacing=&#8221;0px&#8221; background_color_opacity=&#8221;1&#8243;...\" \/>\n<meta property=\"og:url\" content=\"https:\/\/ondaorofacial.com.br\/site\/check-up-preventivo-digital\/\" \/>\n<meta property=\"og:site_name\" content=\"Onda Orofacial\" \/>\n<meta property=\"article:modified_time\" content=\"2022-01-28T03:34:58+00:00\" \/>\n<meta property=\"og:image\" content=\"https:\/\/ondaorofacial.com.br\/site\/wp-content\/uploads\/2021\/12\/banner_equipe.jpg\" \/>\n\t<meta property=\"og:image:width\" content=\"2000\" \/>\n\t<meta property=\"og:image:height\" content=\"861\" \/>\n\t<meta property=\"og:image:type\" content=\"image\/jpeg\" \/>\n<meta name=\"twitter:card\" content=\"summary_large_image\" \/>\n<meta name=\"twitter:label1\" content=\"Est. tempo de leitura\" \/>\n\t<meta name=\"twitter:data1\" content=\"8 minutos\" \/>\n<script type=\"application\/ld+json\" class=\"yoast-schema-graph\">{\"@context\":\"https:\/\/schema.org\",\"@graph\":[{\"@type\":\"WebPage\",\"@id\":\"https:\/\/ondaorofacial.com.br\/site\/check-up-preventivo-digital\/\",\"url\":\"https:\/\/ondaorofacial.com.br\/site\/check-up-preventivo-digital\/\",\"name\":\"CheckUp Preventivo Digital - Onda Orofacial\",\"isPartOf\":{\"@id\":\"https:\/\/ondaorofacial.com.br\/site\/#website\"},\"datePublished\":\"2022-01-24T13:42:49+00:00\",\"dateModified\":\"2022-01-28T03:34:58+00:00\",\"breadcrumb\":{\"@id\":\"https:\/\/ondaorofacial.com.br\/site\/check-up-preventivo-digital\/#breadcrumb\"},\"inLanguage\":\"pt-BR\",\"potentialAction\":[{\"@type\":\"ReadAction\",\"target\":[\"https:\/\/ondaorofacial.com.br\/site\/check-up-preventivo-digital\/\"]}]},{\"@type\":\"BreadcrumbList\",\"@id\":\"https:\/\/ondaorofacial.com.br\/site\/check-up-preventivo-digital\/#breadcrumb\",\"itemListElement\":[{\"@type\":\"ListItem\",\"position\":1,\"name\":\"In\u00edcio\",\"item\":\"https:\/\/ondaorofacial.com.br\/site\/\"},{\"@type\":\"ListItem\",\"position\":2,\"name\":\"CheckUp Preventivo Digital\"}]},{\"@type\":\"WebSite\",\"@id\":\"https:\/\/ondaorofacial.com.br\/site\/#website\",\"url\":\"https:\/\/ondaorofacial.com.br\/site\/\",\"name\":\"Onda Orofacial\",\"description\":\"Odontologia Premium - Buraquinho - Lauro de Freitas - Bahia\",\"publisher\":{\"@id\":\"https:\/\/ondaorofacial.com.br\/site\/#organization\"},\"potentialAction\":[{\"@type\":\"SearchAction\",\"target\":{\"@type\":\"EntryPoint\",\"urlTemplate\":\"https:\/\/ondaorofacial.com.br\/site\/?s={search_term_string}\"},\"query-input\":\"required name=search_term_string\"}],\"inLanguage\":\"pt-BR\"},{\"@type\":\"Organization\",\"@id\":\"https:\/\/ondaorofacial.com.br\/site\/#organization\",\"name\":\"Onda Orofacial\",\"url\":\"https:\/\/ondaorofacial.com.br\/site\/\",\"logo\":{\"@type\":\"ImageObject\",\"inLanguage\":\"pt-BR\",\"@id\":\"https:\/\/ondaorofacial.com.br\/site\/#\/schema\/logo\/image\/\",\"url\":\"https:\/\/ondaorofacial.com.br\/site\/wp-content\/uploads\/2021\/10\/logo_transp_800px.png\",\"contentUrl\":\"https:\/\/ondaorofacial.com.br\/site\/wp-content\/uploads\/2021\/10\/logo_transp_800px.png\",\"width\":800,\"height\":210,\"caption\":\"Onda Orofacial\"},\"image\":{\"@id\":\"https:\/\/ondaorofacial.com.br\/site\/#\/schema\/logo\/image\/\"},\"sameAs\":[\"https:\/\/www.instagram.com\/ondaorofacial\/\"]}]}<\/script>\n<!-- \/ Yoast SEO plugin. -->","yoast_head_json":{"title":"CheckUp Preventivo Digital - Onda Orofacial","robots":{"index":"index","follow":"follow","max-snippet":"max-snippet:-1","max-image-preview":"max-image-preview:large","max-video-preview":"max-video-preview:-1"},"canonical":"https:\/\/ondaorofacial.com.br\/site\/check-up-preventivo-digital\/","og_locale":"pt_BR","og_type":"article","og_title":"CheckUp Preventivo Digital - Onda Orofacial","og_description":"[vc_row type=&#8221;full_width_content&#8221; full_screen_row_position=&#8221;middle&#8221; column_margin=&#8221;none&#8221; column_direction=&#8221;default&#8221; column_direction_tablet=&#8221;default&#8221; column_direction_phone=&#8221;default&#8221; scene_position=&#8221;center&#8221; constrain_group_3=&#8221;yes&#8221; constrain_group_5=&#8221;yes&#8221; text_color=&#8221;custom&#8221; text_align=&#8221;left&#8221; row_border_radius=&#8221;none&#8221; row_border_radius_applies=&#8221;bg&#8221; overlay_strength=&#8221;0.3&#8243; gradient_direction=&#8221;radial&#8221; shape_divider_color=&#8221;#72c5cb&#8221; shape_divider_position=&#8221;bottom&#8221; shape_divider_height=&#8221;25%&#8221; shape_divider_bring_to_front=&#8221;true&#8221; bg_image_animation=&#8221;zoom-out&#8221; parallax_bg=&#8221;true&#8221; parallax_bg_speed=&#8221;fast&#8221; shape_type=&#8221;waves_opacity&#8221;][vc_column column_padding=&#8221;no-extra-padding&#8221; column_padding_tablet=&#8221;no-extra-padding&#8221; column_padding_phone=&#8221;no-extra-padding&#8221; column_padding_position=&#8221;all&#8221; column_element_spacing=&#8221;0px&#8221; background_color_opacity=&#8221;1&#8243;...","og_url":"https:\/\/ondaorofacial.com.br\/site\/check-up-preventivo-digital\/","og_site_name":"Onda Orofacial","article_modified_time":"2022-01-28T03:34:58+00:00","og_image":[{"width":2000,"height":861,"url":"https:\/\/ondaorofacial.com.br\/site\/wp-content\/uploads\/2021\/12\/banner_equipe.jpg","type":"image\/jpeg"}],"twitter_card":"summary_large_image","twitter_misc":{"Est. tempo de leitura":"8 minutos"},"schema":{"@context":"https:\/\/schema.org","@graph":[{"@type":"WebPage","@id":"https:\/\/ondaorofacial.com.br\/site\/check-up-preventivo-digital\/","url":"https:\/\/ondaorofacial.com.br\/site\/check-up-preventivo-digital\/","name":"CheckUp Preventivo Digital - Onda Orofacial","isPartOf":{"@id":"https:\/\/ondaorofacial.com.br\/site\/#website"},"datePublished":"2022-01-24T13:42:49+00:00","dateModified":"2022-01-28T03:34:58+00:00","breadcrumb":{"@id":"https:\/\/ondaorofacial.com.br\/site\/check-up-preventivo-digital\/#breadcrumb"},"inLanguage":"pt-BR","potentialAction":[{"@type":"ReadAction","target":["https:\/\/ondaorofacial.com.br\/site\/check-up-preventivo-digital\/"]}]},{"@type":"BreadcrumbList","@id":"https:\/\/ondaorofacial.com.br\/site\/check-up-preventivo-digital\/#breadcrumb","itemListElement":[{"@type":"ListItem","position":1,"name":"In\u00edcio","item":"https:\/\/ondaorofacial.com.br\/site\/"},{"@type":"ListItem","position":2,"name":"CheckUp Preventivo Digital"}]},{"@type":"WebSite","@id":"https:\/\/ondaorofacial.com.br\/site\/#website","url":"https:\/\/ondaorofacial.com.br\/site\/","name":"Onda Orofacial","description":"Odontologia Premium - Buraquinho - Lauro de Freitas - Bahia","publisher":{"@id":"https:\/\/ondaorofacial.com.br\/site\/#organization"},"potentialAction":[{"@type":"SearchAction","target":{"@type":"EntryPoint","urlTemplate":"https:\/\/ondaorofacial.com.br\/site\/?s={search_term_string}"},"query-input":"required name=search_term_string"}],"inLanguage":"pt-BR"},{"@type":"Organization","@id":"https:\/\/ondaorofacial.com.br\/site\/#organization","name":"Onda Orofacial","url":"https:\/\/ondaorofacial.com.br\/site\/","logo":{"@type":"ImageObject","inLanguage":"pt-BR","@id":"https:\/\/ondaorofacial.com.br\/site\/#\/schema\/logo\/image\/","url":"https:\/\/ondaorofacial.com.br\/site\/wp-content\/uploads\/2021\/10\/logo_transp_800px.png","contentUrl":"https:\/\/ondaorofacial.com.br\/site\/wp-content\/uploads\/2021\/10\/logo_transp_800px.png","width":800,"height":210,"caption":"Onda Orofacial"},"image":{"@id":"https:\/\/ondaorofacial.com.br\/site\/#\/schema\/logo\/image\/"},"sameAs":["https:\/\/www.instagram.com\/ondaorofacial\/"]}]}},"_links":{"self":[{"href":"https:\/\/ondaorofacial.com.br\/site\/wp-json\/wp\/v2\/pages\/781","targetHints":{"allow":["GET"]}}],"collection":[{"href":"https:\/\/ondaorofacial.com.br\/site\/wp-json\/wp\/v2\/pages"}],"about":[{"href":"https:\/\/ondaorofacial.com.br\/site\/wp-json\/wp\/v2\/types\/page"}],"author":[{"embeddable":true,"href":"https:\/\/ondaorofacial.com.br\/site\/wp-json\/wp\/v2\/users\/2"}],"replies":[{"embeddable":true,"href":"https:\/\/ondaorofacial.com.br\/site\/wp-json\/wp\/v2\/comments?post=781"}],"version-history":[{"count":20,"href":"https:\/\/ondaorofacial.com.br\/site\/wp-json\/wp\/v2\/pages\/781\/revisions"}],"predecessor-version":[{"id":1008,"href":"https:\/\/ondaorofacial.com.br\/site\/wp-json\/wp\/v2\/pages\/781\/revisions\/1008"}],"wp:attachment":[{"href":"https:\/\/ondaorofacial.com.br\/site\/wp-json\/wp\/v2\/media?parent=781"}],"curies":[{"name":"wp","href":"https:\/\/api.w.org\/{rel}","templated":true}]}}