{"id":402,"date":"2021-12-18T19:47:54","date_gmt":"2021-12-18T22:47:54","guid":{"rendered":"https:\/\/ondaorofacial.com.br\/site\/?page_id=402"},"modified":"2022-02-05T12:34:44","modified_gmt":"2022-02-05T15:34:44","slug":"proteses-sobre-implantes","status":"publish","type":"page","link":"https:\/\/ondaorofacial.com.br\/site\/proteses-sobre-implantes\/","title":{"rendered":"Pr\u00f3teses sobre Implantes"},"content":{"rendered":"[vc_row type=&#8221;full_width_content&#8221; full_screen_row_position=&#8221;middle&#8221; column_margin=&#8221;none&#8221; column_direction=&#8221;default&#8221; column_direction_tablet=&#8221;default&#8221; column_direction_phone=&#8221;default&#8221; scene_position=&#8221;center&#8221; constrain_group_3=&#8221;yes&#8221; constrain_group_5=&#8221;yes&#8221; text_color=&#8221;custom&#8221; text_align=&#8221;left&#8221; row_border_radius=&#8221;none&#8221; row_border_radius_applies=&#8221;bg&#8221; overlay_strength=&#8221;0.3&#8243; gradient_direction=&#8221;radial&#8221; shape_divider_color=&#8221;#72c5cb&#8221; shape_divider_position=&#8221;bottom&#8221; shape_divider_height=&#8221;25%&#8221; shape_divider_bring_to_front=&#8221;true&#8221; bg_image_animation=&#8221;zoom-out&#8221; parallax_bg=&#8221;true&#8221; parallax_bg_speed=&#8221;fast&#8221; shape_type=&#8221;waves_opacity&#8221;][vc_column column_padding=&#8221;no-extra-padding&#8221; column_padding_tablet=&#8221;inherit&#8221; column_padding_phone=&#8221;inherit&#8221; column_padding_position=&#8221;all&#8221; column_element_spacing=&#8221;0px&#8221; background_color_opacity=&#8221;1&#8243; background_hover_color_opacity=&#8221;1&#8243; column_shadow=&#8221;none&#8221; column_border_radius=&#8221;none&#8221; column_link_target=&#8221;_self&#8221; gradient_direction=&#8221;radial&#8221; overlay_strength=&#8221;0.3&#8243; width=&#8221;1\/1&#8243; tablet_width_inherit=&#8221;default&#8221; tablet_text_alignment=&#8221;default&#8221; phone_text_alignment=&#8221;center&#8221; bg_image_animation=&#8221;zoom-out-reveal&#8221; parallax_bg=&#8221;true&#8221; parallax_bg_speed=&#8221;fast&#8221; border_type=&#8221;simple&#8221; column_border_width=&#8221;none&#8221; column_border_style=&#8221;solid&#8221; offset=&#8221;vc_hidden-md vc_hidden-sm vc_hidden-xs&#8221;][image_with_animation image_url=&#8221;767&#8243; animation=&#8221;Fade In&#8221; hover_animation=&#8221;none&#8221; alignment=&#8221;&#8221; border_radius=&#8221;none&#8221; box_shadow=&#8221;none&#8221; image_loading=&#8221;default&#8221; max_width=&#8221;100%&#8221; max_width_mobile=&#8221;default&#8221;][\/vc_column][\/vc_row][vc_row type=&#8221;full_width_content&#8221; full_screen_row_position=&#8221;middle&#8221; column_margin=&#8221;none&#8221; column_direction=&#8221;default&#8221; column_direction_tablet=&#8221;default&#8221; column_direction_phone=&#8221;default&#8221; scene_position=&#8221;center&#8221; constrain_group_3=&#8221;yes&#8221; constrain_group_5=&#8221;yes&#8221; text_color=&#8221;custom&#8221; text_align=&#8221;left&#8221; row_border_radius=&#8221;none&#8221; row_border_radius_applies=&#8221;bg&#8221; overlay_strength=&#8221;0.3&#8243; gradient_direction=&#8221;radial&#8221; shape_divider_color=&#8221;#72c5cb&#8221; shape_divider_position=&#8221;bottom&#8221; shape_divider_height=&#8221;25%&#8221; shape_divider_bring_to_front=&#8221;true&#8221; bg_image_animation=&#8221;zoom-out&#8221; parallax_bg=&#8221;true&#8221; parallax_bg_speed=&#8221;fast&#8221; shape_type=&#8221;waves_opacity&#8221;][vc_column column_padding=&#8221;no-extra-padding&#8221; column_padding_tablet=&#8221;inherit&#8221; column_padding_phone=&#8221;inherit&#8221; column_padding_position=&#8221;all&#8221; column_element_spacing=&#8221;0px&#8221; background_color_opacity=&#8221;1&#8243; background_hover_color_opacity=&#8221;1&#8243; column_shadow=&#8221;none&#8221; column_border_radius=&#8221;none&#8221; column_link_target=&#8221;_self&#8221; gradient_direction=&#8221;radial&#8221; overlay_strength=&#8221;0.3&#8243; width=&#8221;1\/1&#8243; tablet_width_inherit=&#8221;default&#8221; tablet_text_alignment=&#8221;default&#8221; phone_text_alignment=&#8221;center&#8221; bg_image_animation=&#8221;zoom-out-reveal&#8221; parallax_bg=&#8221;true&#8221; parallax_bg_speed=&#8221;fast&#8221; border_type=&#8221;simple&#8221; column_border_width=&#8221;none&#8221; column_border_style=&#8221;solid&#8221; offset=&#8221;vc_hidden-lg&#8221;][image_with_animation image_url=&#8221;768&#8243; animation=&#8221;Fade In&#8221; hover_animation=&#8221;none&#8221; alignment=&#8221;&#8221; border_radius=&#8221;none&#8221; box_shadow=&#8221;none&#8221; image_loading=&#8221;default&#8221; max_width=&#8221;100%&#8221; max_width_mobile=&#8221;default&#8221;][\/vc_column][\/vc_row][vc_row type=&#8221;in_container&#8221; full_screen_row_position=&#8221;middle&#8221; column_margin=&#8221;default&#8221; equal_height=&#8221;yes&#8221; content_placement=&#8221;middle&#8221; column_direction=&#8221;default&#8221; column_direction_tablet=&#8221;default&#8221; column_direction_phone=&#8221;default&#8221; scene_position=&#8221;center&#8221; text_color=&#8221;dark&#8221; text_align=&#8221;left&#8221; row_border_radius=&#8221;none&#8221; row_border_radius_applies=&#8221;bg&#8221; overlay_strength=&#8221;0.3&#8243; gradient_direction=&#8221;left_to_right&#8221; shape_divider_position=&#8221;bottom&#8221; bg_image_animation=&#8221;none&#8221; shape_type=&#8221;&#8221;][vc_column column_padding=&#8221;padding-12-percent&#8221; column_padding_tablet=&#8221;inherit&#8221; column_padding_phone=&#8221;inherit&#8221; column_padding_position=&#8221;all&#8221; column_element_spacing=&#8221;default&#8221; background_color=&#8221;#f0f5f9&#8243; background_color_opacity=&#8221;1&#8243; background_hover_color_opacity=&#8221;1&#8243; column_shadow=&#8221;none&#8221; column_border_radius=&#8221;none&#8221; column_link_target=&#8221;_self&#8221; gradient_direction=&#8221;left_t_to_right_b&#8221; overlay_strength=&#8221;1&#8243; width=&#8221;7\/12&#8243; tablet_width_inherit=&#8221;default&#8221; tablet_text_alignment=&#8221;default&#8221; phone_text_alignment=&#8221;default&#8221; bg_image_animation=&#8221;none&#8221; border_type=&#8221;simple&#8221; column_border_width=&#8221;none&#8221; column_border_style=&#8221;solid&#8221; translate_y=&#8221;20px&#8221; translate_x=&#8221;10%&#8221; translate_y_tablet=&#8221;30px&#8221; translate_x_tablet=&#8221;0px&#8221; translate_x_phone=&#8221;nonw&#8221;][vc_row_inner column_margin=&#8221;default&#8221; column_direction=&#8221;default&#8221; column_direction_tablet=&#8221;default&#8221; column_direction_phone=&#8221;default&#8221; translate_x=&#8221;-15%&#8221; translate_x_tablet=&#8221;0%&#8221; translate_x_phone=&#8221;0%&#8221; text_align=&#8221;left&#8221;][vc_column_inner column_padding=&#8221;no-extra-padding&#8221; column_padding_tablet=&#8221;inherit&#8221; column_padding_phone=&#8221;inherit&#8221; column_padding_position=&#8221;all&#8221; column_element_spacing=&#8221;default&#8221; background_color_opacity=&#8221;1&#8243; background_hover_color_opacity=&#8221;1&#8243; column_shadow=&#8221;none&#8221; column_border_radius=&#8221;none&#8221; column_link_target=&#8221;_self&#8221; gradient_direction=&#8221;left_to_right&#8221; overlay_strength=&#8221;0.3&#8243; width=&#8221;1\/1&#8243; tablet_width_inherit=&#8221;default&#8221; bg_image_animation=&#8221;none&#8221; border_type=&#8221;simple&#8221; column_border_width=&#8221;none&#8221; column_border_style=&#8221;solid&#8221;][vc_column_text css_animation=&#8221;none&#8221; css=&#8221;.vc_custom_1639867341481{margin-bottom: 40px !important;}&#8221; max_width=&#8221;550&#8243;]\n<h4>PR\u00d3TESES SOBRE IMPLANTES<\/h4>\n[\/vc_column_text][vc_column_text css_animation=&#8221;none&#8221; css=&#8221;.vc_custom_1644075283778{margin-bottom: 40px !important;}&#8221; max_width=&#8221;550&#8243;]\n<p style=\"text-align: left;\">H\u00e1 mais de 50 anos, os implantes dentais est\u00e3o ajudando pessoas a sorrir com conforto, seguran\u00e7a e beleza. A primeira coisa que voc\u00ea\u00a0 precisa saber \u00e9: seus resultados dependem de entender voc\u00ea e os seus objetivos, o resto s\u00e3o detalhes operacionais.<\/p>\n<p style=\"text-align: left;\">Nosso primeiro passo \u00e9 analisar a sua face, m\u00fasculos e bases \u00f3sseas, fotos, moldagens, radiografias, tomografias, e uma longa conversa, v\u00e3o nos ajudar a compreender melhor o seu caso e propor o melhor tratamento. Conhecendo suas necessidade, realizamos o planejamento e selecionamos os tipos de implante que vamos utilizar.<\/p>\n[\/vc_column_text][\/vc_column_inner][\/vc_row_inner][\/vc_column][vc_column column_padding=&#8221;no-extra-padding&#8221; column_padding_tablet=&#8221;inherit&#8221; column_padding_phone=&#8221;inherit&#8221; column_padding_position=&#8221;all&#8221; column_element_spacing=&#8221;default&#8221; background_color_opacity=&#8221;1&#8243; background_hover_color_opacity=&#8221;1&#8243; column_shadow=&#8221;none&#8221; column_border_radius=&#8221;none&#8221; column_link_target=&#8221;_self&#8221; zindex=&#8221;100&#8243; gradient_direction=&#8221;left_to_right&#8221; overlay_strength=&#8221;0.3&#8243; width=&#8221;5\/12&#8243; tablet_width_inherit=&#8221;default&#8221; tablet_text_alignment=&#8221;default&#8221; phone_text_alignment=&#8221;default&#8221; bg_image_animation=&#8221;none&#8221; border_type=&#8221;simple&#8221; column_border_width=&#8221;none&#8221; column_border_style=&#8221;solid&#8221;][vc_row_inner column_margin=&#8221;default&#8221; column_direction=&#8221;default&#8221; column_direction_tablet=&#8221;default&#8221; column_direction_phone=&#8221;default&#8221; text_align=&#8221;left&#8221;][vc_column_inner column_padding=&#8221;no-extra-padding&#8221; column_padding_tablet=&#8221;inherit&#8221; column_padding_phone=&#8221;inherit&#8221; column_padding_position=&#8221;all&#8221; column_element_spacing=&#8221;default&#8221; background_color_opacity=&#8221;1&#8243; background_hover_color_opacity=&#8221;1&#8243; column_shadow=&#8221;none&#8221; column_border_radius=&#8221;none&#8221; column_link_target=&#8221;_self&#8221; gradient_direction=&#8221;left_to_right&#8221; overlay_strength=&#8221;0.3&#8243; width=&#8221;1\/1&#8243; tablet_width_inherit=&#8221;default&#8221; bg_image_animation=&#8221;none&#8221; border_type=&#8221;simple&#8221; column_border_width=&#8221;none&#8221; column_border_style=&#8221;solid&#8221;][image_with_animation image_url=&#8221;107&#8243; animation=&#8221;ro-reveal-from-right&#8221; hover_animation=&#8221;none&#8221; alignment=&#8221;right&#8221; border_radius=&#8221;none&#8221; image_loading=&#8221;default&#8221; max_width=&#8221;125%&#8221; max_width_mobile=&#8221;default&#8221; margin_top=&#8221;25%&#8221; margin_bottom=&#8221;25%&#8221; margin_top_tablet=&#8221;0px&#8221; margin_bottom_tablet=&#8221;0px&#8221; margin_top_phone=&#8221;0px&#8221; margin_bottom_phone=&#8221;0px&#8221;][\/vc_column_inner][\/vc_row_inner][\/vc_column][\/vc_row][vc_row type=&#8221;full_width_background&#8221; full_screen_row_position=&#8221;middle&#8221; column_margin=&#8221;default&#8221; column_direction=&#8221;default&#8221; column_direction_tablet=&#8221;default&#8221; column_direction_phone=&#8221;default&#8221; bg_color=&#8221;#ffffff&#8221; scene_position=&#8221;center&#8221; bottom_padding=&#8221;10%&#8221; text_color=&#8221;dark&#8221; text_align=&#8221;left&#8221; row_border_radius=&#8221;none&#8221; row_border_radius_applies=&#8221;bg&#8221; overlay_strength=&#8221;1&#8243; gradient_direction=&#8221;left_to_right&#8221; shape_divider_position=&#8221;bottom&#8221; bg_image_animation=&#8221;none&#8221; shape_type=&#8221;&#8221;][vc_column column_padding=&#8221;no-extra-padding&#8221; column_padding_tablet=&#8221;inherit&#8221; column_padding_phone=&#8221;inherit&#8221; column_padding_position=&#8221;all&#8221; column_element_spacing=&#8221;default&#8221; background_color_opacity=&#8221;1&#8243; background_hover_color_opacity=&#8221;1&#8243; column_shadow=&#8221;none&#8221; column_border_radius=&#8221;none&#8221; column_link_target=&#8221;_self&#8221; gradient_direction=&#8221;left_to_right&#8221; overlay_strength=&#8221;0.3&#8243; width=&#8221;1\/1&#8243; tablet_width_inherit=&#8221;default&#8221; tablet_text_alignment=&#8221;default&#8221; phone_text_alignment=&#8221;default&#8221; bg_image_animation=&#8221;none&#8221; border_type=&#8221;simple&#8221; column_border_width=&#8221;none&#8221; column_border_style=&#8221;solid&#8221;][vc_row_inner column_margin=&#8221;default&#8221; column_direction=&#8221;default&#8221; column_direction_tablet=&#8221;default&#8221; column_direction_phone=&#8221;default&#8221; text_align=&#8221;left&#8221;][vc_column_inner column_padding=&#8221;padding-3-percent&#8221; column_padding_tablet=&#8221;inherit&#8221; column_padding_phone=&#8221;inherit&#8221; column_padding_position=&#8221;top-bottom&#8221; column_element_spacing=&#8221;default&#8221; background_color_opacity=&#8221;1&#8243; background_hover_color_opacity=&#8221;1&#8243; column_shadow=&#8221;none&#8221; column_border_radius=&#8221;none&#8221; column_link_target=&#8221;_self&#8221; gradient_direction=&#8221;left_to_right&#8221; overlay_strength=&#8221;0.3&#8243; width=&#8221;1\/2&#8243; tablet_width_inherit=&#8221;default&#8221; bg_image_animation=&#8221;none&#8221; enable_animation=&#8221;true&#8221; animation=&#8221;fade-in-from-bottom&#8221; border_type=&#8221;simple&#8221; column_border_width=&#8221;none&#8221; column_border_style=&#8221;solid&#8221;][vc_column_text css=&#8221;.vc_custom_1641863623494{padding-right: 10% !important;}&#8221;]Conhecer as suas necessidades \u00e9 o diferencial para entregar a melhor solu\u00e7\u00e3o.<\/p>\n<p>Algumas informa\u00e7\u00f5es importantes sobre pr\u00f3teses sobre implantes :<\/p>\n<ul>\n<li>Pr\u00f3teses e implantes bem planejados melhoram a mastiga\u00e7\u00e3o em at\u00e9 300%.<\/li>\n<li>Pessoas que fazem pr\u00f3teses sobre implantes dentais melhoram sua sa\u00fade, est\u00e9tica e autoestima.<\/li>\n<li>As melhorias mastigat\u00f3rias tamb\u00e9m previnem problemas g\u00e1stricos e intestinais.<\/li>\n<li>Implantes e pr\u00f3teses rejuvenescem a face.<\/li>\n<li>Uma parcela significativa dos clientes podem fazer os implantes e j\u00e1 receber dentes funcionais no mesmo dia.<\/li>\n<\/ul>\n[\/vc_column_text][\/vc_column_inner][vc_column_inner column_padding=&#8221;padding-3-percent&#8221; column_padding_tablet=&#8221;inherit&#8221; column_padding_phone=&#8221;inherit&#8221; column_padding_position=&#8221;top-bottom&#8221; column_element_spacing=&#8221;default&#8221; background_color_opacity=&#8221;1&#8243; background_hover_color_opacity=&#8221;1&#8243; column_shadow=&#8221;none&#8221; column_border_radius=&#8221;none&#8221; column_link_target=&#8221;_self&#8221; gradient_direction=&#8221;left_to_right&#8221; overlay_strength=&#8221;0.3&#8243; width=&#8221;1\/2&#8243; tablet_width_inherit=&#8221;default&#8221; bg_image_animation=&#8221;none&#8221; enable_animation=&#8221;true&#8221; animation=&#8221;fade-in-from-bottom&#8221; border_type=&#8221;simple&#8221; column_border_width=&#8221;none&#8221; column_border_style=&#8221;solid&#8221; delay=&#8221;100&#8243;][vc_column_text css=&#8221;.vc_custom_1641863632347{padding-right: 10% !important;}&#8221;]Aqui n\u00e3o entramos em crit\u00e9rios t\u00e9cnicos ou tipos de implantes porque, acredite, isso n\u00e3o o ajudar\u00e1 antes de entender as suas\u00a0 necessidades e objetivos. No entanto n\u00f3s estamos totalmente \u00e0 disposi\u00e7\u00e3o para esclarecer as suas d\u00favidas. Por isso sugiro que voc\u00ea nos envie um WhatsApp ou ligue, ser\u00e1 um prazer fazer parte das suas conquistas.[\/vc_column_text][\/vc_column_inner][\/vc_row_inner][\/vc_column][\/vc_row]\n","protected":false},"excerpt":{"rendered":"<p>[vc_row type=&#8221;full_width_content&#8221; full_screen_row_position=&#8221;middle&#8221; column_margin=&#8221;none&#8221; column_direction=&#8221;default&#8221; column_direction_tablet=&#8221;default&#8221; column_direction_phone=&#8221;default&#8221; scene_position=&#8221;center&#8221; constrain_group_3=&#8221;yes&#8221; constrain_group_5=&#8221;yes&#8221; text_color=&#8221;custom&#8221; text_align=&#8221;left&#8221; row_border_radius=&#8221;none&#8221; row_border_radius_applies=&#8221;bg&#8221; overlay_strength=&#8221;0.3&#8243; gradient_direction=&#8221;radial&#8221; shape_divider_color=&#8221;#72c5cb&#8221; shape_divider_position=&#8221;bottom&#8221; shape_divider_height=&#8221;25%&#8221; shape_divider_bring_to_front=&#8221;true&#8221; bg_image_animation=&#8221;zoom-out&#8221; parallax_bg=&#8221;true&#8221; parallax_bg_speed=&#8221;fast&#8221; shape_type=&#8221;waves_opacity&#8221;][vc_column column_padding=&#8221;no-extra-padding&#8221; column_padding_tablet=&#8221;inherit&#8221; column_padding_phone=&#8221;inherit&#8221; column_padding_position=&#8221;all&#8221; column_element_spacing=&#8221;0px&#8221; background_color_opacity=&#8221;1&#8243;&#8230;<\/p>\n","protected":false},"author":2,"featured_media":0,"parent":0,"menu_order":0,"comment_status":"closed","ping_status":"closed","template":"","meta":{"footnotes":""},"class_list":["post-402","page","type-page","status-publish"],"yoast_head":"<!-- This site is optimized with the Yoast SEO plugin v21.5 - https:\/\/yoast.com\/wordpress\/plugins\/seo\/ -->\n<title>Pr\u00f3teses sobre Implantes - Onda Orofacial<\/title>\n<meta name=\"robots\" content=\"index, follow, max-snippet:-1, max-image-preview:large, max-video-preview:-1\" \/>\n<link rel=\"canonical\" href=\"https:\/\/ondaorofacial.com.br\/site\/proteses-sobre-implantes\/\" \/>\n<meta property=\"og:locale\" content=\"pt_BR\" \/>\n<meta property=\"og:type\" content=\"article\" \/>\n<meta property=\"og:title\" content=\"Pr\u00f3teses sobre Implantes - Onda Orofacial\" \/>\n<meta property=\"og:description\" content=\"[vc_row type=&#8221;full_width_content&#8221; full_screen_row_position=&#8221;middle&#8221; column_margin=&#8221;none&#8221; column_direction=&#8221;default&#8221; column_direction_tablet=&#8221;default&#8221; column_direction_phone=&#8221;default&#8221; scene_position=&#8221;center&#8221; constrain_group_3=&#8221;yes&#8221; constrain_group_5=&#8221;yes&#8221; text_color=&#8221;custom&#8221; text_align=&#8221;left&#8221; row_border_radius=&#8221;none&#8221; row_border_radius_applies=&#8221;bg&#8221; overlay_strength=&#8221;0.3&#8243; gradient_direction=&#8221;radial&#8221; shape_divider_color=&#8221;#72c5cb&#8221; shape_divider_position=&#8221;bottom&#8221; shape_divider_height=&#8221;25%&#8221; shape_divider_bring_to_front=&#8221;true&#8221; bg_image_animation=&#8221;zoom-out&#8221; parallax_bg=&#8221;true&#8221; parallax_bg_speed=&#8221;fast&#8221; shape_type=&#8221;waves_opacity&#8221;][vc_column column_padding=&#8221;no-extra-padding&#8221; column_padding_tablet=&#8221;inherit&#8221; column_padding_phone=&#8221;inherit&#8221; column_padding_position=&#8221;all&#8221; column_element_spacing=&#8221;0px&#8221; background_color_opacity=&#8221;1&#8243;...\" \/>\n<meta property=\"og:url\" content=\"https:\/\/ondaorofacial.com.br\/site\/proteses-sobre-implantes\/\" \/>\n<meta property=\"og:site_name\" content=\"Onda Orofacial\" \/>\n<meta property=\"article:modified_time\" content=\"2022-02-05T15:34:44+00:00\" \/>\n<meta property=\"og:image\" content=\"https:\/\/ondaorofacial.com.br\/site\/wp-content\/uploads\/2021\/12\/banner_equipe.jpg\" \/>\n\t<meta property=\"og:image:width\" content=\"2000\" \/>\n\t<meta property=\"og:image:height\" content=\"861\" \/>\n\t<meta property=\"og:image:type\" content=\"image\/jpeg\" \/>\n<meta name=\"twitter:card\" content=\"summary_large_image\" \/>\n<meta name=\"twitter:label1\" content=\"Est. tempo de leitura\" \/>\n\t<meta name=\"twitter:data1\" content=\"8 minutos\" \/>\n<script type=\"application\/ld+json\" class=\"yoast-schema-graph\">{\"@context\":\"https:\/\/schema.org\",\"@graph\":[{\"@type\":\"WebPage\",\"@id\":\"https:\/\/ondaorofacial.com.br\/site\/proteses-sobre-implantes\/\",\"url\":\"https:\/\/ondaorofacial.com.br\/site\/proteses-sobre-implantes\/\",\"name\":\"Pr\u00f3teses sobre Implantes - Onda Orofacial\",\"isPartOf\":{\"@id\":\"https:\/\/ondaorofacial.com.br\/site\/#website\"},\"datePublished\":\"2021-12-18T22:47:54+00:00\",\"dateModified\":\"2022-02-05T15:34:44+00:00\",\"breadcrumb\":{\"@id\":\"https:\/\/ondaorofacial.com.br\/site\/proteses-sobre-implantes\/#breadcrumb\"},\"inLanguage\":\"pt-BR\",\"potentialAction\":[{\"@type\":\"ReadAction\",\"target\":[\"https:\/\/ondaorofacial.com.br\/site\/proteses-sobre-implantes\/\"]}]},{\"@type\":\"BreadcrumbList\",\"@id\":\"https:\/\/ondaorofacial.com.br\/site\/proteses-sobre-implantes\/#breadcrumb\",\"itemListElement\":[{\"@type\":\"ListItem\",\"position\":1,\"name\":\"In\u00edcio\",\"item\":\"https:\/\/ondaorofacial.com.br\/site\/\"},{\"@type\":\"ListItem\",\"position\":2,\"name\":\"Pr\u00f3teses sobre Implantes\"}]},{\"@type\":\"WebSite\",\"@id\":\"https:\/\/ondaorofacial.com.br\/site\/#website\",\"url\":\"https:\/\/ondaorofacial.com.br\/site\/\",\"name\":\"Onda Orofacial\",\"description\":\"Odontologia Premium - Buraquinho - Lauro de Freitas - Bahia\",\"publisher\":{\"@id\":\"https:\/\/ondaorofacial.com.br\/site\/#organization\"},\"potentialAction\":[{\"@type\":\"SearchAction\",\"target\":{\"@type\":\"EntryPoint\",\"urlTemplate\":\"https:\/\/ondaorofacial.com.br\/site\/?s={search_term_string}\"},\"query-input\":\"required name=search_term_string\"}],\"inLanguage\":\"pt-BR\"},{\"@type\":\"Organization\",\"@id\":\"https:\/\/ondaorofacial.com.br\/site\/#organization\",\"name\":\"Onda Orofacial\",\"url\":\"https:\/\/ondaorofacial.com.br\/site\/\",\"logo\":{\"@type\":\"ImageObject\",\"inLanguage\":\"pt-BR\",\"@id\":\"https:\/\/ondaorofacial.com.br\/site\/#\/schema\/logo\/image\/\",\"url\":\"https:\/\/ondaorofacial.com.br\/site\/wp-content\/uploads\/2021\/10\/logo_transp_800px.png\",\"contentUrl\":\"https:\/\/ondaorofacial.com.br\/site\/wp-content\/uploads\/2021\/10\/logo_transp_800px.png\",\"width\":800,\"height\":210,\"caption\":\"Onda Orofacial\"},\"image\":{\"@id\":\"https:\/\/ondaorofacial.com.br\/site\/#\/schema\/logo\/image\/\"},\"sameAs\":[\"https:\/\/www.instagram.com\/ondaorofacial\/\"]}]}<\/script>\n<!-- \/ Yoast SEO plugin. -->","yoast_head_json":{"title":"Pr\u00f3teses sobre Implantes - Onda Orofacial","robots":{"index":"index","follow":"follow","max-snippet":"max-snippet:-1","max-image-preview":"max-image-preview:large","max-video-preview":"max-video-preview:-1"},"canonical":"https:\/\/ondaorofacial.com.br\/site\/proteses-sobre-implantes\/","og_locale":"pt_BR","og_type":"article","og_title":"Pr\u00f3teses sobre Implantes - Onda Orofacial","og_description":"[vc_row type=&#8221;full_width_content&#8221; full_screen_row_position=&#8221;middle&#8221; column_margin=&#8221;none&#8221; column_direction=&#8221;default&#8221; column_direction_tablet=&#8221;default&#8221; column_direction_phone=&#8221;default&#8221; scene_position=&#8221;center&#8221; constrain_group_3=&#8221;yes&#8221; constrain_group_5=&#8221;yes&#8221; text_color=&#8221;custom&#8221; text_align=&#8221;left&#8221; row_border_radius=&#8221;none&#8221; row_border_radius_applies=&#8221;bg&#8221; overlay_strength=&#8221;0.3&#8243; gradient_direction=&#8221;radial&#8221; shape_divider_color=&#8221;#72c5cb&#8221; shape_divider_position=&#8221;bottom&#8221; shape_divider_height=&#8221;25%&#8221; shape_divider_bring_to_front=&#8221;true&#8221; bg_image_animation=&#8221;zoom-out&#8221; parallax_bg=&#8221;true&#8221; parallax_bg_speed=&#8221;fast&#8221; shape_type=&#8221;waves_opacity&#8221;][vc_column column_padding=&#8221;no-extra-padding&#8221; column_padding_tablet=&#8221;inherit&#8221; column_padding_phone=&#8221;inherit&#8221; column_padding_position=&#8221;all&#8221; column_element_spacing=&#8221;0px&#8221; background_color_opacity=&#8221;1&#8243;...","og_url":"https:\/\/ondaorofacial.com.br\/site\/proteses-sobre-implantes\/","og_site_name":"Onda Orofacial","article_modified_time":"2022-02-05T15:34:44+00:00","og_image":[{"width":2000,"height":861,"url":"https:\/\/ondaorofacial.com.br\/site\/wp-content\/uploads\/2021\/12\/banner_equipe.jpg","type":"image\/jpeg"}],"twitter_card":"summary_large_image","twitter_misc":{"Est. tempo de leitura":"8 minutos"},"schema":{"@context":"https:\/\/schema.org","@graph":[{"@type":"WebPage","@id":"https:\/\/ondaorofacial.com.br\/site\/proteses-sobre-implantes\/","url":"https:\/\/ondaorofacial.com.br\/site\/proteses-sobre-implantes\/","name":"Pr\u00f3teses sobre Implantes - Onda Orofacial","isPartOf":{"@id":"https:\/\/ondaorofacial.com.br\/site\/#website"},"datePublished":"2021-12-18T22:47:54+00:00","dateModified":"2022-02-05T15:34:44+00:00","breadcrumb":{"@id":"https:\/\/ondaorofacial.com.br\/site\/proteses-sobre-implantes\/#breadcrumb"},"inLanguage":"pt-BR","potentialAction":[{"@type":"ReadAction","target":["https:\/\/ondaorofacial.com.br\/site\/proteses-sobre-implantes\/"]}]},{"@type":"BreadcrumbList","@id":"https:\/\/ondaorofacial.com.br\/site\/proteses-sobre-implantes\/#breadcrumb","itemListElement":[{"@type":"ListItem","position":1,"name":"In\u00edcio","item":"https:\/\/ondaorofacial.com.br\/site\/"},{"@type":"ListItem","position":2,"name":"Pr\u00f3teses sobre Implantes"}]},{"@type":"WebSite","@id":"https:\/\/ondaorofacial.com.br\/site\/#website","url":"https:\/\/ondaorofacial.com.br\/site\/","name":"Onda Orofacial","description":"Odontologia Premium - Buraquinho - Lauro de Freitas - Bahia","publisher":{"@id":"https:\/\/ondaorofacial.com.br\/site\/#organization"},"potentialAction":[{"@type":"SearchAction","target":{"@type":"EntryPoint","urlTemplate":"https:\/\/ondaorofacial.com.br\/site\/?s={search_term_string}"},"query-input":"required name=search_term_string"}],"inLanguage":"pt-BR"},{"@type":"Organization","@id":"https:\/\/ondaorofacial.com.br\/site\/#organization","name":"Onda Orofacial","url":"https:\/\/ondaorofacial.com.br\/site\/","logo":{"@type":"ImageObject","inLanguage":"pt-BR","@id":"https:\/\/ondaorofacial.com.br\/site\/#\/schema\/logo\/image\/","url":"https:\/\/ondaorofacial.com.br\/site\/wp-content\/uploads\/2021\/10\/logo_transp_800px.png","contentUrl":"https:\/\/ondaorofacial.com.br\/site\/wp-content\/uploads\/2021\/10\/logo_transp_800px.png","width":800,"height":210,"caption":"Onda Orofacial"},"image":{"@id":"https:\/\/ondaorofacial.com.br\/site\/#\/schema\/logo\/image\/"},"sameAs":["https:\/\/www.instagram.com\/ondaorofacial\/"]}]}},"_links":{"self":[{"href":"https:\/\/ondaorofacial.com.br\/site\/wp-json\/wp\/v2\/pages\/402","targetHints":{"allow":["GET"]}}],"collection":[{"href":"https:\/\/ondaorofacial.com.br\/site\/wp-json\/wp\/v2\/pages"}],"about":[{"href":"https:\/\/ondaorofacial.com.br\/site\/wp-json\/wp\/v2\/types\/page"}],"author":[{"embeddable":true,"href":"https:\/\/ondaorofacial.com.br\/site\/wp-json\/wp\/v2\/users\/2"}],"replies":[{"embeddable":true,"href":"https:\/\/ondaorofacial.com.br\/site\/wp-json\/wp\/v2\/comments?post=402"}],"version-history":[{"count":7,"href":"https:\/\/ondaorofacial.com.br\/site\/wp-json\/wp\/v2\/pages\/402\/revisions"}],"predecessor-version":[{"id":1102,"href":"https:\/\/ondaorofacial.com.br\/site\/wp-json\/wp\/v2\/pages\/402\/revisions\/1102"}],"wp:attachment":[{"href":"https:\/\/ondaorofacial.com.br\/site\/wp-json\/wp\/v2\/media?parent=402"}],"curies":[{"name":"wp","href":"https:\/\/api.w.org\/{rel}","templated":true}]}}